{"id":28961,"date":"2022-09-19T16:19:38","date_gmt":"2022-09-19T14:19:38","guid":{"rendered":"https:\/\/annabelledafonte.com\/contact\/"},"modified":"2024-01-24T14:54:29","modified_gmt":"2024-01-24T13:54:29","slug":"contact","status":"publish","type":"page","link":"https:\/\/annabelledafonte.com\/en\/contact\/","title":{"rendered":"Contact"},"content":{"rendered":"\t\t<div data-elementor-type=\"wp-page\" data-elementor-id=\"28961\" class=\"elementor elementor-28961\" data-elementor-post-type=\"page\">\n\t\t\t\t\t\t<section class=\"elementor-section elementor-top-section elementor-element elementor-element-201ae8f1 elementor-section-height-min-height elementor-section-boxed elementor-section-height-default elementor-section-items-middle\" data-id=\"201ae8f1\" data-element_type=\"section\" data-settings=\"{&quot;background_background&quot;:&quot;slideshow&quot;,&quot;background_slideshow_slide_transition&quot;:&quot;slide_up&quot;,&quot;background_slideshow_gallery&quot;:[],&quot;background_slideshow_loop&quot;:&quot;yes&quot;,&quot;background_slideshow_slide_duration&quot;:5000,&quot;background_slideshow_transition_duration&quot;:500}\">\n\t\t\t\t\t\t\t<div class=\"elementor-background-overlay\"><\/div>\n\t\t\t\t\t\t\t<div class=\"elementor-container elementor-column-gap-default\">\n\t\t\t\t\t<div class=\"elementor-column elementor-col-100 elementor-top-column elementor-element elementor-element-37c3805c\" data-id=\"37c3805c\" data-element_type=\"column\">\n\t\t\t<div class=\"elementor-widget-wrap elementor-element-populated\">\n\t\t\t\t\t\t\t<\/div>\n\t\t<\/div>\n\t\t\t\t\t<\/div>\n\t\t<\/section>\n\t\t\t\t<section class=\"elementor-section elementor-top-section elementor-element elementor-element-16379929 elementor-section-boxed elementor-section-height-default elementor-section-height-default\" data-id=\"16379929\" data-element_type=\"section\" data-settings=\"{&quot;background_background&quot;:&quot;classic&quot;}\">\n\t\t\t\t\t\t\t<div class=\"elementor-background-overlay\"><\/div>\n\t\t\t\t\t\t\t<div class=\"elementor-container elementor-column-gap-default\">\n\t\t\t\t\t<div class=\"elementor-column elementor-col-100 elementor-top-column elementor-element elementor-element-5a918622\" data-id=\"5a918622\" data-element_type=\"column\">\n\t\t\t<div class=\"elementor-widget-wrap elementor-element-populated\">\n\t\t\t\t\t\t<div class=\"elementor-element elementor-element-308c8c89 elementor-widget elementor-widget-heading\" data-id=\"308c8c89\" data-element_type=\"widget\" data-widget_type=\"heading.default\">\n\t\t\t\t<div class=\"elementor-widget-container\">\n\t\t\t<h2 class=\"elementor-heading-title elementor-size-default\">Envoyez-nous un message<\/h2>\t\t<\/div>\n\t\t\t\t<\/div>\n\t\t\t\t<div class=\"elementor-element elementor-element-2d440cb6 elementor-button-align-stretch elementor-widget elementor-widget-form\" data-id=\"2d440cb6\" data-element_type=\"widget\" data-settings=\"{&quot;step_next_label&quot;:&quot;Next&quot;,&quot;step_previous_label&quot;:&quot;Previous&quot;,&quot;button_width&quot;:&quot;100&quot;,&quot;step_type&quot;:&quot;number_text&quot;,&quot;step_icon_shape&quot;:&quot;circle&quot;}\" data-widget_type=\"form.default\">\n\t\t\t\t<div class=\"elementor-widget-container\">\n\t\t\t\t\t<form class=\"elementor-form\" method=\"post\" name=\"New Form\">\n\t\t\t<input type=\"hidden\" name=\"post_id\" value=\"28961\"\/>\n\t\t\t<input type=\"hidden\" name=\"form_id\" value=\"2d440cb6\"\/>\n\t\t\t<input type=\"hidden\" name=\"referer_title\" value=\"Annabelle Da Fonte\" \/>\n\n\t\t\t\n\t\t\t<div class=\"elementor-form-fields-wrapper elementor-labels-above\">\n\t\t\t\t\t\t\t\t<div class=\"elementor-field-type-text elementor-field-group elementor-column elementor-field-group-name elementor-col-50 elementor-field-required elementor-mark-required\">\n\t\t\t\t\t\t\t\t\t\t\t\t<label for=\"form-field-name\" class=\"elementor-field-label\">\n\t\t\t\t\t\t\t\tNom \t\t\t\t\t\t\t<\/label>\n\t\t\t\t\t\t\t\t\t\t\t\t\t\t<input size=\"1\" type=\"text\" name=\"form_fields[name]\" id=\"form-field-name\" class=\"elementor-field elementor-size-sm  elementor-field-textual\" placeholder=\"Entrez votre nom ici\" required=\"required\" aria-required=\"true\">\n\t\t\t\t\t\t\t\t\t\t\t<\/div>\n\t\t\t\t\t\t\t\t<div class=\"elementor-field-type-text elementor-field-group elementor-column elementor-field-group-field_b253804 elementor-col-50\">\n\t\t\t\t\t\t\t\t\t\t\t\t<label for=\"form-field-field_b253804\" class=\"elementor-field-label\">\n\t\t\t\t\t\t\t\tPr\u00e9nom \t\t\t\t\t\t\t<\/label>\n\t\t\t\t\t\t\t\t\t\t\t\t\t\t<input size=\"1\" type=\"text\" name=\"form_fields[field_b253804]\" id=\"form-field-field_b253804\" class=\"elementor-field elementor-size-sm  elementor-field-textual\" placeholder=\"Entrez votre pr\u00e9nom ici\">\n\t\t\t\t\t\t\t\t\t\t\t<\/div>\n\t\t\t\t\t\t\t\t<div class=\"elementor-field-type-email elementor-field-group elementor-column elementor-field-group-email elementor-col-50 elementor-field-required elementor-mark-required\">\n\t\t\t\t\t\t\t\t\t\t\t\t<label for=\"form-field-email\" class=\"elementor-field-label\">\n\t\t\t\t\t\t\t\tEmail\t\t\t\t\t\t\t<\/label>\n\t\t\t\t\t\t\t\t\t\t\t\t\t\t<input size=\"1\" type=\"email\" name=\"form_fields[email]\" id=\"form-field-email\" class=\"elementor-field elementor-size-sm  elementor-field-textual\" placeholder=\"Entrez votre email ici\" required=\"required\" aria-required=\"true\">\n\t\t\t\t\t\t\t\t\t\t\t<\/div>\n\t\t\t\t\t\t\t\t<div class=\"elementor-field-type-tel elementor-field-group elementor-column elementor-field-group-field_9d693d6 elementor-col-50\">\n\t\t\t\t\t\t\t\t\t\t\t\t<label for=\"form-field-field_9d693d6\" class=\"elementor-field-label\">\n\t\t\t\t\t\t\t\tT\u00e9l\u00e9phone\t\t\t\t\t\t\t<\/label>\n\t\t\t\t\t\t\t\t<input size=\"1\" type=\"tel\" name=\"form_fields[field_9d693d6]\" id=\"form-field-field_9d693d6\" class=\"elementor-field elementor-size-sm  elementor-field-textual\" placeholder=\"Entrez votre num\u00e9ro de t\u00e9l\u00e9phone ici\" pattern=\"[0-9()#&amp;+*-=.]+\" title=\"Only numbers and phone characters (#, -, *, etc) are accepted.\">\n\n\t\t\t\t\t\t<\/div>\n\t\t\t\t\t\t\t\t<div class=\"elementor-field-type-text\">\n\t\t\t\t\t<input size=\"1\" type=\"text\" name=\"form_fields[field_706762b]\" id=\"form-field-field_706762b\" class=\"elementor-field elementor-size-sm \" style=\"display:none !important;\">\t\t\t\t<\/div>\n\t\t\t\t\t\t\t\t<div class=\"elementor-field-type-text\">\n\t\t\t\t\t<input size=\"1\" type=\"text\" name=\"form_fields[field_6922330]\" id=\"form-field-field_6922330\" class=\"elementor-field elementor-size-sm \" style=\"display:none !important;\">\t\t\t\t<\/div>\n\t\t\t\t\t\t\t\t<div class=\"elementor-field-type-textarea elementor-field-group elementor-column elementor-field-group-message elementor-col-100 elementor-field-required elementor-mark-required\">\n\t\t\t\t\t\t\t\t\t\t\t\t<label for=\"form-field-message\" class=\"elementor-field-label\">\n\t\t\t\t\t\t\t\tMessage\t\t\t\t\t\t\t<\/label>\n\t\t\t\t\t\t<textarea class=\"elementor-field-textual elementor-field  elementor-size-sm\" name=\"form_fields[message]\" id=\"form-field-message\" rows=\"4\" placeholder=\"Entrez votre message ici\" required=\"required\" aria-required=\"true\"><\/textarea>\t\t\t\t<\/div>\n\t\t\t\t\t\t\t\t<div class=\"elementor-field-type-recaptcha_v3 elementor-field-group elementor-column elementor-field-group-field_5b8e4a8 elementor-col-100 recaptcha_v3-bottomright\">\n\t\t\t\t\t<div class=\"elementor-field\" id=\"form-field-field_5b8e4a8\"><div class=\"elementor-g-recaptcha\" data-sitekey=\"6LeYsD0iAAAAANQROhul5MiwaygUO4vcuwp2seuz\" data-type=\"v3\" data-action=\"Form\" data-badge=\"bottomright\" data-size=\"invisible\"><\/div><\/div>\t\t\t\t<\/div>\n\t\t\t\t\t\t\t\t<div class=\"elementor-field-group elementor-column elementor-field-type-submit elementor-col-100 e-form__buttons\">\n\t\t\t\t\t<button class=\"elementor-button elementor-size-sm\" type=\"submit\">\n\t\t\t\t\t\t<span class=\"elementor-button-content-wrapper\">\n\t\t\t\t\t\t\t\t\t\t\t\t\t\t\t\t\t\t\t\t\t\t<span class=\"elementor-button-text\">Envoyer<\/span>\n\t\t\t\t\t\t\t\t\t\t\t\t\t<\/span>\n\t\t\t\t\t<\/button>\n\t\t\t\t<\/div>\n\t\t\t<\/div>\n\t\t<input\n                    class=\"apbct_special_field apbct_email_id__elementor_form\"\n                    name=\"apbct__email_id__elementor_form\"\n                    aria-label=\"apbct__label_id__elementor_form\"\n                    type=\"text\" size=\"30\" maxlength=\"200\" autocomplete=\"off\"\n                    value=\"\"\n                \/><\/form>\n\t\t\t\t<\/div>\n\t\t\t\t<\/div>\n\t\t\t\t\t<\/div>\n\t\t<\/div>\n\t\t\t\t\t<\/div>\n\t\t<\/section>\n\t\t\t\t<\/div>\n\t\t","protected":false},"excerpt":{"rendered":"<p>Send us a message<\/p>","protected":false},"author":1,"featured_media":0,"parent":0,"menu_order":0,"comment_status":"closed","ping_status":"closed","template":"","meta":{"footnotes":""},"class_list":["post-28961","page","type-page","status-publish","hentry"],"yoast_head":"<!-- This site is optimized with the Yoast SEO plugin v27.3 - https:\/\/yoast.com\/product\/yoast-seo-wordpress\/ -->\n<title>Contactez moi : R\u00e9ponse Rapide l Annabelle Da Fonte<\/title>\n<meta name=\"description\" content=\"Vous souhaitez avoir des renseignements sur l&#039;\u00e9cole ou l&#039;agence ? Nous r\u00e9pondrons avec plaisir \u00e0 vos interrogations.\" \/>\n<meta name=\"robots\" content=\"index, follow, max-snippet:-1, max-image-preview:large, max-video-preview:-1\" \/>\n<link rel=\"canonical\" href=\"https:\/\/annabelledafonte.com\/en\/contact\/\" \/>\n<meta property=\"og:locale\" content=\"en_US\" \/>\n<meta property=\"og:type\" content=\"article\" \/>\n<meta property=\"og:title\" content=\"Contactez moi : R\u00e9ponse Rapide l Annabelle Da Fonte\" \/>\n<meta property=\"og:description\" content=\"Vous souhaitez avoir des renseignements sur l&#039;\u00e9cole ou l&#039;agence ? Nous r\u00e9pondrons avec plaisir \u00e0 vos interrogations.\" \/>\n<meta property=\"og:url\" content=\"https:\/\/annabelledafonte.com\/en\/contact\/\" \/>\n<meta property=\"og:site_name\" content=\"Annabelle Da Fonte\" \/>\n<meta property=\"article:modified_time\" content=\"2024-01-24T13:54:29+00:00\" \/>\n<meta property=\"og:image\" content=\"https:\/\/annabelledafonte.com\/wp-content\/uploads\/2022\/09\/ANNABELLE-CHOIX-1.jpg\" \/>\n\t<meta property=\"og:image:width\" content=\"1179\" \/>\n\t<meta property=\"og:image:height\" content=\"1766\" \/>\n\t<meta property=\"og:image:type\" content=\"image\/jpeg\" \/>\n<meta name=\"twitter:card\" content=\"summary_large_image\" \/>\n<meta name=\"twitter:label1\" content=\"Est. reading time\" \/>\n\t<meta name=\"twitter:data1\" content=\"1 minute\" \/>\n<script type=\"application\/ld+json\" class=\"yoast-schema-graph\">{\"@context\":\"https:\\\/\\\/schema.org\",\"@graph\":[{\"@type\":\"WebPage\",\"@id\":\"https:\\\/\\\/annabelledafonte.com\\\/contact\\\/\",\"url\":\"https:\\\/\\\/annabelledafonte.com\\\/contact\\\/\",\"name\":\"Contactez moi : R\u00e9ponse Rapide l Annabelle Da Fonte\",\"isPartOf\":{\"@id\":\"https:\\\/\\\/annabelledafonte.com\\\/#website\"},\"datePublished\":\"2022-09-19T14:19:38+00:00\",\"dateModified\":\"2024-01-24T13:54:29+00:00\",\"description\":\"Vous souhaitez avoir des renseignements sur l'\u00e9cole ou l'agence ? Nous r\u00e9pondrons avec plaisir \u00e0 vos interrogations.\",\"breadcrumb\":{\"@id\":\"https:\\\/\\\/annabelledafonte.com\\\/contact\\\/#breadcrumb\"},\"inLanguage\":\"en-US\",\"potentialAction\":[{\"@type\":\"ReadAction\",\"target\":[\"https:\\\/\\\/annabelledafonte.com\\\/contact\\\/\"]}]},{\"@type\":\"BreadcrumbList\",\"@id\":\"https:\\\/\\\/annabelledafonte.com\\\/contact\\\/#breadcrumb\",\"itemListElement\":[{\"@type\":\"ListItem\",\"position\":1,\"name\":\"Home\",\"item\":\"https:\\\/\\\/annabelledafonte.com\\\/\"},{\"@type\":\"ListItem\",\"position\":2,\"name\":\"Contact\"}]},{\"@type\":\"WebSite\",\"@id\":\"https:\\\/\\\/annabelledafonte.com\\\/#website\",\"url\":\"https:\\\/\\\/annabelledafonte.com\\\/\",\"name\":\"Annabelle Da Fonte\",\"description\":\"\",\"publisher\":{\"@id\":\"https:\\\/\\\/annabelledafonte.com\\\/#organization\"},\"potentialAction\":[{\"@type\":\"SearchAction\",\"target\":{\"@type\":\"EntryPoint\",\"urlTemplate\":\"https:\\\/\\\/annabelledafonte.com\\\/?s={search_term_string}\"},\"query-input\":{\"@type\":\"PropertyValueSpecification\",\"valueRequired\":true,\"valueName\":\"search_term_string\"}}],\"inLanguage\":\"en-US\"},{\"@type\":\"Organization\",\"@id\":\"https:\\\/\\\/annabelledafonte.com\\\/#organization\",\"name\":\"Annabella Da Fonte\",\"url\":\"https:\\\/\\\/annabelledafonte.com\\\/\",\"logo\":{\"@type\":\"ImageObject\",\"inLanguage\":\"en-US\",\"@id\":\"https:\\\/\\\/annabelledafonte.com\\\/#\\\/schema\\\/logo\\\/image\\\/\",\"url\":\"https:\\\/\\\/annabelledafonte.com\\\/wp-content\\\/uploads\\\/2022\\\/09\\\/ANNABELLE-CHOIX-1.jpg\",\"contentUrl\":\"https:\\\/\\\/annabelledafonte.com\\\/wp-content\\\/uploads\\\/2022\\\/09\\\/ANNABELLE-CHOIX-1.jpg\",\"width\":1179,\"height\":1766,\"caption\":\"Annabella Da Fonte\"},\"image\":{\"@id\":\"https:\\\/\\\/annabelledafonte.com\\\/#\\\/schema\\\/logo\\\/image\\\/\"}}]}<\/script>\n<!-- \/ Yoast SEO plugin. -->","yoast_head_json":{"title":"Contactez moi : R\u00e9ponse Rapide l Annabelle Da Fonte","description":"Vous souhaitez avoir des renseignements sur l'\u00e9cole ou l'agence ? Nous r\u00e9pondrons avec plaisir \u00e0 vos interrogations.","robots":{"index":"index","follow":"follow","max-snippet":"max-snippet:-1","max-image-preview":"max-image-preview:large","max-video-preview":"max-video-preview:-1"},"canonical":"https:\/\/annabelledafonte.com\/en\/contact\/","og_locale":"en_US","og_type":"article","og_title":"Contactez moi : R\u00e9ponse Rapide l Annabelle Da Fonte","og_description":"Vous souhaitez avoir des renseignements sur l'\u00e9cole ou l'agence ? Nous r\u00e9pondrons avec plaisir \u00e0 vos interrogations.","og_url":"https:\/\/annabelledafonte.com\/en\/contact\/","og_site_name":"Annabelle Da Fonte","article_modified_time":"2024-01-24T13:54:29+00:00","og_image":[{"width":1179,"height":1766,"url":"https:\/\/annabelledafonte.com\/wp-content\/uploads\/2022\/09\/ANNABELLE-CHOIX-1.jpg","type":"image\/jpeg"}],"twitter_card":"summary_large_image","twitter_misc":{"Est. reading time":"1 minute"},"schema":{"@context":"https:\/\/schema.org","@graph":[{"@type":"WebPage","@id":"https:\/\/annabelledafonte.com\/contact\/","url":"https:\/\/annabelledafonte.com\/contact\/","name":"Contactez moi : R\u00e9ponse Rapide l Annabelle Da Fonte","isPartOf":{"@id":"https:\/\/annabelledafonte.com\/#website"},"datePublished":"2022-09-19T14:19:38+00:00","dateModified":"2024-01-24T13:54:29+00:00","description":"Vous souhaitez avoir des renseignements sur l'\u00e9cole ou l'agence ? Nous r\u00e9pondrons avec plaisir \u00e0 vos interrogations.","breadcrumb":{"@id":"https:\/\/annabelledafonte.com\/contact\/#breadcrumb"},"inLanguage":"en-US","potentialAction":[{"@type":"ReadAction","target":["https:\/\/annabelledafonte.com\/contact\/"]}]},{"@type":"BreadcrumbList","@id":"https:\/\/annabelledafonte.com\/contact\/#breadcrumb","itemListElement":[{"@type":"ListItem","position":1,"name":"Home","item":"https:\/\/annabelledafonte.com\/"},{"@type":"ListItem","position":2,"name":"Contact"}]},{"@type":"WebSite","@id":"https:\/\/annabelledafonte.com\/#website","url":"https:\/\/annabelledafonte.com\/","name":"Annabelle Da Fonte","description":"","publisher":{"@id":"https:\/\/annabelledafonte.com\/#organization"},"potentialAction":[{"@type":"SearchAction","target":{"@type":"EntryPoint","urlTemplate":"https:\/\/annabelledafonte.com\/?s={search_term_string}"},"query-input":{"@type":"PropertyValueSpecification","valueRequired":true,"valueName":"search_term_string"}}],"inLanguage":"en-US"},{"@type":"Organization","@id":"https:\/\/annabelledafonte.com\/#organization","name":"Annabella Da Fonte","url":"https:\/\/annabelledafonte.com\/","logo":{"@type":"ImageObject","inLanguage":"en-US","@id":"https:\/\/annabelledafonte.com\/#\/schema\/logo\/image\/","url":"https:\/\/annabelledafonte.com\/wp-content\/uploads\/2022\/09\/ANNABELLE-CHOIX-1.jpg","contentUrl":"https:\/\/annabelledafonte.com\/wp-content\/uploads\/2022\/09\/ANNABELLE-CHOIX-1.jpg","width":1179,"height":1766,"caption":"Annabella Da Fonte"},"image":{"@id":"https:\/\/annabelledafonte.com\/#\/schema\/logo\/image\/"}}]}},"_links":{"self":[{"href":"https:\/\/annabelledafonte.com\/en\/wp-json\/wp\/v2\/pages\/28961","targetHints":{"allow":["GET"]}}],"collection":[{"href":"https:\/\/annabelledafonte.com\/en\/wp-json\/wp\/v2\/pages"}],"about":[{"href":"https:\/\/annabelledafonte.com\/en\/wp-json\/wp\/v2\/types\/page"}],"author":[{"embeddable":true,"href":"https:\/\/annabelledafonte.com\/en\/wp-json\/wp\/v2\/users\/1"}],"replies":[{"embeddable":true,"href":"https:\/\/annabelledafonte.com\/en\/wp-json\/wp\/v2\/comments?post=28961"}],"version-history":[{"count":57,"href":"https:\/\/annabelledafonte.com\/en\/wp-json\/wp\/v2\/pages\/28961\/revisions"}],"predecessor-version":[{"id":29744,"href":"https:\/\/annabelledafonte.com\/en\/wp-json\/wp\/v2\/pages\/28961\/revisions\/29744"}],"wp:attachment":[{"href":"https:\/\/annabelledafonte.com\/en\/wp-json\/wp\/v2\/media?parent=28961"}],"curies":[{"name":"wp","href":"https:\/\/api.w.org\/{rel}","templated":true}]}}